{"id":493,"date":"2023-08-30T14:34:41","date_gmt":"2023-08-30T12:34:41","guid":{"rendered":"http:\/\/stasch-gmbh.de\/?page_id=493"},"modified":"2023-09-14T14:54:48","modified_gmt":"2023-09-14T12:54:48","slug":"badezimmer","status":"publish","type":"page","link":"https:\/\/stasch-gmbh.de\/index.php\/badezimmer\/","title":{"rendered":"Badezimmer"},"content":{"rendered":"<p>[et_pb_section fb_built=&#8221;1&#8243; custom_padding_last_edited=&#8221;on|phone&#8221; _builder_version=&#8221;4.20.1&#8243; _module_preset=&#8221;default&#8221; background_image=&#8221;https:\/\/stasch-gmbh.de\/wp-content\/uploads\/2023\/08\/Group-2324.jpg&#8221; min_height_tablet=&#8221;auto&#8221; min_height_phone=&#8221;auto&#8221; min_height_last_edited=&#8221;on|tablet&#8221; custom_padding_tablet=&#8221;&#8221; custom_padding_phone=&#8221;&#8221; custom_css_main_element=&#8221; display: flex;||    align-items: center;&#8221; border_color_right=&#8221;#FFFFFF&#8221; border_color_left=&#8221;#FFFFFF&#8221; global_colors_info=&#8221;{}&#8221; custom_css_main_element_last_edited=&#8221;on|phone&#8221; custom_css_main_element_tablet=&#8221; &#8221; custom_css_main_element_phone=&#8221;  &#8222;][et_pb_row _builder_version=&#8221;4.20.1&#8243; _module_preset=&#8221;default&#8221; width=&#8221;1320px&#8221; width_tablet=&#8221;100%&#8221; width_phone=&#8221;100%&#8221; width_last_edited=&#8221;on|tablet&#8221; max_width=&#8221;100%&#8221; custom_margin=&#8221;0px||0px||false|false&#8221; custom_margin_tablet=&#8221;|64px||64px|false|false&#8221; custom_margin_phone=&#8221;|40px||40px|false|false&#8221; custom_margin_last_edited=&#8221;on|tablet&#8221; custom_padding=&#8221;0px||0px||false|false&#8221; global_colors_info=&#8221;{}&#8221;][et_pb_column type=&#8221;4_4&#8243; _builder_version=&#8221;4.20.1&#8243; _module_preset=&#8221;default&#8221; global_colors_info=&#8221;{}&#8221;][et_pb_text _builder_version=&#8221;4.20.1&#8243; _module_preset=&#8221;default&#8221; text_font=&#8221;Poppins|700|||||||&#8221; text_text_color=&#8221;#FFFFFF&#8221; text_font_size=&#8221;64px&#8221; text_line_height=&#8221;1.5em&#8221; custom_margin=&#8221;||-40px||false|false&#8221; custom_margin_tablet=&#8221;||20px|||&#8221; custom_margin_phone=&#8221;||0px||false|false&#8221; custom_margin_last_edited=&#8221;on|phone&#8221; custom_padding=&#8221;64px||||false|false&#8221; animation_style=&#8221;flip&#8221; animation_direction=&#8221;left&#8221; animation_duration=&#8221;1050ms&#8221; text_font_size_tablet=&#8221;6vw&#8221; text_font_size_phone=&#8221;8vw&#8221; text_font_size_last_edited=&#8221;on|desktop&#8221; module_alignment_tablet=&#8221;&#8221; module_alignment_phone=&#8221;&#8221; module_alignment_last_edited=&#8221;on|phone&#8221; global_colors_info=&#8221;{}&#8221;]<\/p>\n<p>Badezimmer<\/p>\n<p>[\/et_pb_text][\/et_pb_column][\/et_pb_row][\/et_pb_section][et_pb_section fb_built=&#8221;1&#8243; custom_padding_last_edited=&#8221;on|tablet&#8221; _builder_version=&#8221;4.20.1&#8243; _module_preset=&#8221;default&#8221; use_background_color_gradient=&#8221;on&#8221; background_color_gradient_stops=&#8221;rgba(237,241,247,0) 0%|#edf1f7 100%&#8221; background_image=&#8221;https:\/\/stasch-gmbh.de\/wp-content\/uploads\/2023\/03\/Mask-Group-95.png&#8221; background_size=&#8221;initial&#8221; background_position=&#8221;bottom_left&#8221; custom_padding=&#8221;90px|||||&#8221; custom_padding_tablet=&#8221;90px|||||&#8221; custom_padding_phone=&#8221;24px||||false|false&#8221; background_last_edited=&#8221;on|tablet&#8221; background_enable_image_tablet=&#8221;off&#8221; background_enable_image_phone=&#8221;off&#8221; border_color_right=&#8221;#FFFFFF&#8221; border_color_left=&#8221;#FFFFFF&#8221; global_colors_info=&#8221;{}&#8221;][et_pb_row column_structure=&#8221;1_2,1_2&#8243; use_custom_gutter=&#8221;on&#8221; gutter_width=&#8221;4&#8243; make_equal=&#8221;on&#8221; _builder_version=&#8221;4.20.1&#8243; _module_preset=&#8221;default&#8221; animation_direction=&#8221;left&#8221; custom_css_main_element=&#8221; display: flex;||    align-items: center;&#8221; global_colors_info=&#8221;{}&#8221; custom_css_main_element_last_edited=&#8221;on|tablet&#8221; custom_css_main_element_phone=&#8221; &#8221; custom_css_main_element_tablet=&#8221; &#8222;][et_pb_column type=&#8221;1_2&#8243; _builder_version=&#8221;4.20.1&#8243; _module_preset=&#8221;default&#8221; global_colors_info=&#8221;{}&#8221;][et_pb_image src=&#8221;https:\/\/stasch-gmbh.de\/wp-content\/uploads\/2023\/08\/Group-2325.png&#8221; title_text=&#8221;Group 2325&#8243; _builder_version=&#8221;4.20.1&#8243; _module_preset=&#8221;default&#8221; animation_style=&#8221;flip&#8221; animation_direction=&#8221;left&#8221; global_colors_info=&#8221;{}&#8221;][\/et_pb_image][\/et_pb_column][et_pb_column type=&#8221;1_2&#8243; _builder_version=&#8221;4.20.1&#8243; _module_preset=&#8221;default&#8221; global_colors_info=&#8221;{}&#8221;][et_pb_text _builder_version=&#8221;4.20.1&#8243; _module_preset=&#8221;default&#8221; text_font=&#8221;Poppins|700|||||||&#8221; text_text_color=&#8221;#191919&#8243; text_font_size=&#8221;40px&#8221; text_line_height=&#8221;1.2em&#8221; custom_margin=&#8221;||24px||false|false&#8221; hover_enabled=&#8221;0&#8243; text_font_size_tablet=&#8221;6vw&#8221; text_font_size_phone=&#8221;8vw&#8221; text_font_size_last_edited=&#8221;on|tablet&#8221; global_colors_info=&#8221;{}&#8221; sticky_enabled=&#8221;0&#8243;]<\/p>\n<p>Das Badezimmer Ihrer Tr\u00e4ume<\/p>\n<p>[\/et_pb_text][et_pb_image src=&#8221;https:\/\/stasch-gmbh.de\/wp-content\/uploads\/2023\/03\/Intersection-1.png&#8221; title_text=&#8221;Intersection 1&#8243; _builder_version=&#8221;4.20.1&#8243; _module_preset=&#8221;default&#8221; custom_margin=&#8221;||40px||false|false&#8221; global_colors_info=&#8221;{}&#8221;][\/et_pb_image][et_pb_text _builder_version=&#8221;4.20.1&#8243; _module_preset=&#8221;default&#8221; text_font=&#8221;Roboto Flex|300|||||||&#8221; text_text_color=&#8221;#747d87&#8243; text_font_size=&#8221;16px&#8221; text_line_height=&#8221;1.8em&#8221; hover_enabled=&#8221;0&#8243; global_colors_info=&#8221;{}&#8221; sticky_enabled=&#8221;0&#8243;]<\/p>\n<p>M\u00f6chten Sie Ihr Badezimmer renovieren? Unser Bauunternehmen ist ein Experte f\u00fcr Badezimmerrenovierungen. Mit \u00fcber\u00a020 Jahren Erfahrung bieten wir hochwertige Renovierungsdienstleistungen, die Ihre Erwartungen erf\u00fcllen werden. Unser professionelles Team k\u00fcmmert sich um jedes Detail, vom Entwurf bis zur Fertigstellung. Wir bieten wettbewerbsf\u00e4hige Preise und P\u00fcnktlichkeit. Vertrauen Sie uns, um Ihr Traumbadezimmer zu schaffen.<\/p>\n<p>[\/et_pb_text][et_pb_text _builder_version=&#8221;4.20.1&#8243; _module_preset=&#8221;default&#8221; text_font=&#8221;Poppins|600|||||||&#8221; text_text_color=&#8221;#1eace4&#8243; text_font_size=&#8221;20px&#8221; text_line_height=&#8221;1.5em&#8221; custom_margin=&#8221;0px||||false|false&#8221; hover_enabled=&#8221;0&#8243; global_colors_info=&#8221;{}&#8221; sticky_enabled=&#8221;0&#8243;]<\/p>\n<p>Kontaktieren Sie uns noch heute, und Sie werden feststellen, dass wir die beste Wahl f\u00fcr Ihre Badezimmerrenovierung sind.<\/p>\n<p>[\/et_pb_text][\/et_pb_column][\/et_pb_row][\/et_pb_section][et_pb_section fb_built=&#8221;1&#8243; fullwidth=&#8221;on&#8221; _builder_version=&#8221;4.20.1&#8243; _module_preset=&#8221;default&#8221; global_colors_info=&#8221;{}&#8221;][et_pb_fullwidth_image src=&#8221;https:\/\/stasch-gmbh.de\/wp-content\/uploads\/2023\/08\/Mask-Group-114.jpg&#8221; title_text=&#8221;Mask Group 114&#8243; _builder_version=&#8221;4.20.1&#8243; _module_preset=&#8221;default&#8221; global_colors_info=&#8221;{}&#8221;][\/et_pb_fullwidth_image][\/et_pb_section][et_pb_section fb_built=&#8221;1&#8243; custom_padding_last_edited=&#8221;on|phone&#8221; _builder_version=&#8221;4.20.1&#8243; _module_preset=&#8221;default&#8221; background_image=&#8221;https:\/\/stasch-gmbh.de\/wp-content\/uploads\/2023\/07\/Mask-Group-95.png&#8221; background_size=&#8221;initial&#8221; background_position=&#8221;bottom_right&#8221; custom_margin=&#8221;||0px||false|false&#8221; custom_padding=&#8221;0px||0px||false|false&#8221; custom_padding_tablet=&#8221;96px||61px||false|false&#8221; custom_padding_phone=&#8221;24px||24px||false|false&#8221; background_last_edited=&#8221;on|phone&#8221; background_enable_image_phone=&#8221;off&#8221; global_colors_info=&#8221;{}&#8221;][et_pb_row column_structure=&#8221;1_2,1_2&#8243; use_custom_gutter=&#8221;on&#8221; gutter_width=&#8221;4&#8243; make_equal=&#8221;on&#8221; custom_padding_last_edited=&#8221;on|tablet&#8221; _builder_version=&#8221;4.20.1&#8243; _module_preset=&#8221;default&#8221; custom_padding=&#8221;196px||196px||false|false&#8221; custom_padding_tablet=&#8221;64px||||false|false&#8221; custom_padding_phone=&#8221;64px||64px||false|false&#8221; animation_direction=&#8221;left&#8221; hover_enabled=&#8221;0&#8243; custom_css_main_element=&#8221; display: flex;||    align-items: center;&#8221; global_colors_info=&#8221;{}&#8221; custom_css_main_element_last_edited=&#8221;on|tablet&#8221; custom_css_main_element_phone=&#8221; &#8221; custom_css_main_element_tablet=&#8221; &#8221; sticky_enabled=&#8221;0&#8243;][et_pb_column type=&#8221;1_2&#8243; _builder_version=&#8221;4.20.1&#8243; _module_preset=&#8221;default&#8221; global_colors_info=&#8221;{}&#8221;][et_pb_text _builder_version=&#8221;4.20.1&#8243; _module_preset=&#8221;default&#8221; text_font=&#8221;Poppins|700|||||||&#8221; text_text_color=&#8221;#191919&#8243; text_font_size=&#8221;40px&#8221; text_line_height=&#8221;1.2em&#8221; custom_margin=&#8221;||24px||false|false&#8221; hover_enabled=&#8221;0&#8243; text_font_size_tablet=&#8221;6vw&#8221; text_font_size_phone=&#8221;8vw&#8221; text_font_size_last_edited=&#8221;on|tablet&#8221; text_line_height_tablet=&#8221;6vw&#8221; text_line_height_phone=&#8221;10vw&#8221; text_line_height_last_edited=&#8221;on|tablet&#8221; global_colors_info=&#8221;{}&#8221; sticky_enabled=&#8221;0&#8243;]<\/p>\n<p>Planung<\/p>\n<p>[\/et_pb_text][et_pb_image src=&#8221;https:\/\/stasch-gmbh.de\/wp-content\/uploads\/2023\/03\/Intersection-1.png&#8221; title_text=&#8221;Intersection 1&#8243; _builder_version=&#8221;4.20.1&#8243; _module_preset=&#8221;default&#8221; custom_margin=&#8221;||40px||false|false&#8221; global_colors_info=&#8221;{}&#8221;][\/et_pb_image][et_pb_text _builder_version=&#8221;4.20.1&#8243; _module_preset=&#8221;default&#8221; text_font=&#8221;Roboto Flex|300|||||||&#8221; text_text_color=&#8221;#747d87&#8243; text_font_size=&#8221;16px&#8221; text_line_height=&#8221;1.8em&#8221; hover_enabled=&#8221;0&#8243; global_colors_info=&#8221;{}&#8221; sticky_enabled=&#8221;0&#8243;]<\/p>\n<p>Der erste Schritt zu Ihrem Traumbad? Die Planung! Bei der StaschGmbH beginnt alles mit einem Fragebogen, der Kl\u00e4rung des Leistungsumfangs, der Festlegung eines Zeitplans und einem unverbindlichen Kostenvoranschlag.<\/p>\n<p>[\/et_pb_text][et_pb_blurb title=&#8221;Sind Entwurf und Kostenvoranschlag genehmigt, geht es ans Eingemachte.&#8221; use_icon=&#8221;on&#8221; font_icon=&#8221;&#xf5c3;||fa||900&#8243; icon_color=&#8221;#1eace4&#8243; icon_placement=&#8221;left&#8221; content_max_width=&#8221;100%&#8221; _builder_version=&#8221;4.20.1&#8243; _module_preset=&#8221;default&#8221; header_font=&#8221;Roboto Flex|700|||||||&#8221; header_text_color=&#8221;#000000&#8243; body_font=&#8221;Roboto Flex||||||||&#8221; body_font_size=&#8221;16px&#8221; body_line_height=&#8221;1.8em&#8221; hover_enabled=&#8221;0&#8243; global_colors_info=&#8221;{}&#8221; sticky_enabled=&#8221;0&#8243; header_line_height=&#8221;1.5em&#8221; border_color_bottom=&#8221;#D6D6D6&#8243; border_width_bottom=&#8221;1px&#8221; custom_padding_last_edited=&#8221;on|desktop&#8221; custom_padding=&#8221;||16px||false|false&#8221; header_font_size=&#8221;16px&#8221; custom_margin_last_edited=&#8221;off|desktop&#8221; custom_margin=&#8221;||16px||false|false&#8221; custom_padding_tablet=&#8221;||16px||false|false&#8221; custom_padding_phone=&#8221;||16px||false|false&#8221;][\/et_pb_blurb][et_pb_blurb title=&#8221;Keine Sorge, wir gehen sehr professionell und schnell an die Sache heran, Sie m\u00fcssen nicht auf eine ganze Reihe von Firmen warten, vom Installateur \u00fcber den Elektriker bis zum Kanalbauer, wir machen das Ganze.&#8221; use_icon=&#8221;on&#8221; font_icon=&#8221;&#xf2f2;||fa||900&#8243; icon_color=&#8221;#1eace4&#8243; icon_placement=&#8221;left&#8221; content_max_width=&#8221;100%&#8221; _builder_version=&#8221;4.20.1&#8243; _module_preset=&#8221;default&#8221; header_font=&#8221;Roboto Flex|700|||||||&#8221; header_text_color=&#8221;#000000&#8243; body_font=&#8221;Roboto Flex||||||||&#8221; body_font_size=&#8221;16px&#8221; body_line_height=&#8221;1.8em&#8221; hover_enabled=&#8221;0&#8243; global_colors_info=&#8221;{}&#8221; sticky_enabled=&#8221;0&#8243; header_line_height=&#8221;1.5em&#8221; border_color_bottom=&#8221;#D6D6D6&#8243; border_width_bottom=&#8221;1px&#8221; custom_padding_last_edited=&#8221;on|desktop&#8221; custom_padding=&#8221;||16px||false|false&#8221; header_font_size=&#8221;16px&#8221; custom_margin=&#8221;||16px||false|false&#8221; custom_padding_tablet=&#8221;||16px||false|false&#8221; custom_padding_phone=&#8221;||16px||false|false&#8221;][\/et_pb_blurb][et_pb_blurb title=&#8221;Daf\u00fcr ersparen Sie sich viel Zeit und Stress, wenn Sie kein Bad haben.&#8221; use_icon=&#8221;on&#8221; font_icon=&#8221;&#xf2cd;||fa||900&#8243; icon_color=&#8221;#1eace4&#8243; icon_placement=&#8221;left&#8221; content_max_width=&#8221;100%&#8221; _builder_version=&#8221;4.20.1&#8243; _module_preset=&#8221;default&#8221; header_font=&#8221;Roboto Flex|700|||||||&#8221; header_text_color=&#8221;#000000&#8243; body_font=&#8221;Roboto Flex||||||||&#8221; body_font_size=&#8221;16px&#8221; body_line_height=&#8221;1.8em&#8221; hover_enabled=&#8221;0&#8243; global_colors_info=&#8221;{}&#8221; sticky_enabled=&#8221;0&#8243; header_line_height=&#8221;1.5em&#8221; border_color_bottom=&#8221;#D6D6D6&#8243; border_width_bottom=&#8221;1px&#8221; custom_padding_last_edited=&#8221;on|desktop&#8221; custom_padding=&#8221;||16px||false|false&#8221; header_font_size=&#8221;16px&#8221; custom_margin=&#8221;||16px||false|false&#8221; custom_padding_tablet=&#8221;||16px||false|false&#8221; custom_padding_phone=&#8221;||16px||false|false&#8221;][\/et_pb_blurb][et_pb_blurb title=&#8221;Schauen Sie sich unsere Referenzen an!&#8221; use_icon=&#8221;on&#8221; font_icon=&#8221;&#xe0f7;||divi||400&#8243; icon_color=&#8221;#1eace4&#8243; icon_placement=&#8221;left&#8221; content_max_width=&#8221;100%&#8221; _builder_version=&#8221;4.20.1&#8243; _module_preset=&#8221;default&#8221; header_font=&#8221;Roboto Flex|700|||||||&#8221; header_text_color=&#8221;#000000&#8243; body_font=&#8221;Roboto Flex||||||||&#8221; body_font_size=&#8221;16px&#8221; body_line_height=&#8221;1.8em&#8221; hover_enabled=&#8221;0&#8243; global_colors_info=&#8221;{}&#8221; sticky_enabled=&#8221;0&#8243; header_line_height=&#8221;1.5em&#8221; border_color_bottom=&#8221;#D6D6D6&#8243; border_width_bottom=&#8221;1px&#8221; custom_padding_last_edited=&#8221;on|desktop&#8221; custom_padding=&#8221;||16px||false|false&#8221; header_font_size=&#8221;16px&#8221; custom_margin=&#8221;||16px||false|false&#8221; custom_padding_tablet=&#8221;||16px||false|false&#8221; custom_padding_phone=&#8221;||16px||false|false&#8221;][\/et_pb_blurb][et_pb_blurb title=&#8221;Schicken Sie uns eine Anfrage und wir werden Ihnen sicher antworten.&#8221; use_icon=&#8221;on&#8221; font_icon=&#8221;&#xf0e0;||fa||900&#8243; icon_color=&#8221;#1eace4&#8243; icon_placement=&#8221;left&#8221; content_max_width=&#8221;100%&#8221; _builder_version=&#8221;4.20.1&#8243; _module_preset=&#8221;default&#8221; header_font=&#8221;Roboto Flex|700|||||||&#8221; header_text_color=&#8221;#000000&#8243; body_font=&#8221;Roboto Flex||||||||&#8221; body_font_size=&#8221;16px&#8221; body_line_height=&#8221;1.8em&#8221; hover_enabled=&#8221;0&#8243; global_colors_info=&#8221;{}&#8221; sticky_enabled=&#8221;0&#8243; header_line_height=&#8221;1.5em&#8221; border_color_bottom=&#8221;#D6D6D6&#8243; border_width_bottom=&#8221;1px&#8221; custom_padding_last_edited=&#8221;on|desktop&#8221; custom_padding=&#8221;||16px||false|false&#8221; header_font_size=&#8221;16px&#8221; image_icon_width=&#8221;27px&#8221; custom_padding_tablet=&#8221;||16px||false|false&#8221; custom_padding_phone=&#8221;||16px||false|false&#8221;][\/et_pb_blurb][\/et_pb_column][et_pb_column type=&#8221;1_2&#8243; _builder_version=&#8221;4.20.1&#8243; _module_preset=&#8221;default&#8221; global_colors_info=&#8221;{}&#8221;][et_pb_image src=&#8221;https:\/\/stasch-gmbh.de\/wp-content\/uploads\/2023\/08\/Group-2326.png&#8221; title_text=&#8221;Group 2326&#8243; _builder_version=&#8221;4.20.1&#8243; _module_preset=&#8221;default&#8221; animation_style=&#8221;flip&#8221; animation_direction=&#8221;left&#8221; global_colors_info=&#8221;{}&#8221;][\/et_pb_image][\/et_pb_column][\/et_pb_row][\/et_pb_section]<\/p>\n","protected":false},"excerpt":{"rendered":"<p>BadezimmerDas Badezimmer Ihrer Tr\u00e4umeM\u00f6chten Sie Ihr Badezimmer renovieren? Unser Bauunternehmen ist ein Experte f\u00fcr Badezimmerrenovierungen. Mit \u00fcber\u00a020 Jahren Erfahrung bieten wir hochwertige Renovierungsdienstleistungen, die Ihre Erwartungen erf\u00fcllen werden. Unser professionelles Team k\u00fcmmert sich um jedes Detail, vom Entwurf bis zur Fertigstellung. Wir bieten wettbewerbsf\u00e4hige Preise und P\u00fcnktlichkeit. Vertrauen Sie uns, um Ihr Traumbadezimmer zu schaffen.Kontaktieren [&hellip;]<\/p>\n","protected":false},"author":1,"featured_media":0,"parent":0,"menu_order":0,"comment_status":"closed","ping_status":"closed","template":"","meta":{"_et_pb_use_builder":"on","_et_pb_old_content":"","_et_gb_content_width":"","footnotes":""},"class_list":["post-493","page","type-page","status-publish","hentry"],"_links":{"self":[{"href":"https:\/\/stasch-gmbh.de\/index.php\/wp-json\/wp\/v2\/pages\/493","targetHints":{"allow":["GET"]}}],"collection":[{"href":"https:\/\/stasch-gmbh.de\/index.php\/wp-json\/wp\/v2\/pages"}],"about":[{"href":"https:\/\/stasch-gmbh.de\/index.php\/wp-json\/wp\/v2\/types\/page"}],"author":[{"embeddable":true,"href":"https:\/\/stasch-gmbh.de\/index.php\/wp-json\/wp\/v2\/users\/1"}],"replies":[{"embeddable":true,"href":"https:\/\/stasch-gmbh.de\/index.php\/wp-json\/wp\/v2\/comments?post=493"}],"version-history":[{"count":5,"href":"https:\/\/stasch-gmbh.de\/index.php\/wp-json\/wp\/v2\/pages\/493\/revisions"}],"predecessor-version":[{"id":577,"href":"https:\/\/stasch-gmbh.de\/index.php\/wp-json\/wp\/v2\/pages\/493\/revisions\/577"}],"wp:attachment":[{"href":"https:\/\/stasch-gmbh.de\/index.php\/wp-json\/wp\/v2\/media?parent=493"}],"curies":[{"name":"wp","href":"https:\/\/api.w.org\/{rel}","templated":true}]}}