{"id":247,"date":"2023-07-11T09:07:01","date_gmt":"2023-07-11T07:07:01","guid":{"rendered":"http:\/\/stasch-gmbh.de\/?page_id=247"},"modified":"2023-08-01T12:57:13","modified_gmt":"2023-08-01T10:57:13","slug":"unternehmen","status":"publish","type":"page","link":"https:\/\/stasch-gmbh.de\/index.php\/unternehmen\/","title":{"rendered":"Unternehmen"},"content":{"rendered":"<p>[et_pb_section fb_built=&#8221;1&#8243; custom_padding_last_edited=&#8221;on|phone&#8221; _builder_version=&#8221;4.20.1&#8243; _module_preset=&#8221;default&#8221; background_image=&#8221;https:\/\/stasch-gmbh.de\/wp-content\/uploads\/2023\/07\/top1.png&#8221; min_height_tablet=&#8221;auto&#8221; min_height_phone=&#8221;auto&#8221; min_height_last_edited=&#8221;on|tablet&#8221; custom_padding_tablet=&#8221;&#8221; custom_padding_phone=&#8221;&#8221; hover_enabled=&#8221;0&#8243; custom_css_main_element=&#8221; display: flex;||    align-items: center;&#8221; border_color_right=&#8221;#FFFFFF&#8221; border_color_left=&#8221;#FFFFFF&#8221; global_colors_info=&#8221;{}&#8221; custom_css_main_element_last_edited=&#8221;on|phone&#8221; custom_css_main_element_tablet=&#8221; &#8221; custom_css_main_element_phone=&#8221;  &#8221; theme_builder_area=&#8221;post_content&#8221; title_text=&#8221;top1&#8243; sticky_enabled=&#8221;0&#8243;][et_pb_row _builder_version=&#8221;4.20.1&#8243; _module_preset=&#8221;default&#8221; width=&#8221;1320px&#8221; width_tablet=&#8221;100%&#8221; width_phone=&#8221;100%&#8221; width_last_edited=&#8221;on|tablet&#8221; max_width=&#8221;100%&#8221; custom_margin=&#8221;0px||0px||false|false&#8221; custom_margin_tablet=&#8221;|64px||64px|false|false&#8221; custom_margin_phone=&#8221;|40px||40px|false|false&#8221; custom_margin_last_edited=&#8221;on|desktop&#8221; custom_padding=&#8221;0px||0px||false|false&#8221; global_colors_info=&#8221;{}&#8221; theme_builder_area=&#8221;post_content&#8221;][et_pb_column type=&#8221;4_4&#8243; _builder_version=&#8221;4.20.1&#8243; _module_preset=&#8221;default&#8221; global_colors_info=&#8221;{}&#8221; theme_builder_area=&#8221;post_content&#8221;][et_pb_text _builder_version=&#8221;4.20.1&#8243; _module_preset=&#8221;default&#8221; text_font=&#8221;Poppins|700|||||||&#8221; text_text_color=&#8221;#FFFFFF&#8221; text_font_size=&#8221;64px&#8221; text_line_height=&#8221;1.5em&#8221; custom_margin=&#8221;||-40px||false|false&#8221; custom_margin_tablet=&#8221;||20px|||&#8221; custom_margin_phone=&#8221;||0px||false|false&#8221; custom_margin_last_edited=&#8221;on|phone&#8221; custom_padding=&#8221;64px||||false|false&#8221; animation_style=&#8221;flip&#8221; animation_direction=&#8221;left&#8221; animation_duration=&#8221;1050ms&#8221; hover_enabled=&#8221;0&#8243; text_font_size_tablet=&#8221;6vw&#8221; text_font_size_phone=&#8221;8vw&#8221; text_font_size_last_edited=&#8221;on|desktop&#8221; module_alignment_tablet=&#8221;&#8221; module_alignment_phone=&#8221;&#8221; module_alignment_last_edited=&#8221;on|phone&#8221; global_colors_info=&#8221;{}&#8221; theme_builder_area=&#8221;post_content&#8221; sticky_enabled=&#8221;0&#8243;]<\/p>\n<p>Unternehmen<\/p>\n<p>[\/et_pb_text][\/et_pb_column][\/et_pb_row][\/et_pb_section][et_pb_section fb_built=&#8221;1&#8243; custom_padding_last_edited=&#8221;on|tablet&#8221; _builder_version=&#8221;4.20.1&#8243; _module_preset=&#8221;default&#8221; use_background_color_gradient=&#8221;on&#8221; background_color_gradient_stops=&#8221;rgba(237,241,247,0) 0%|#edf1f7 100%&#8221; background_image=&#8221;https:\/\/stasch-gmbh.de\/wp-content\/uploads\/2023\/03\/Mask-Group-95.png&#8221; background_size=&#8221;initial&#8221; background_position=&#8221;bottom_left&#8221; custom_padding=&#8221;90px|||||&#8221; custom_padding_tablet=&#8221;90px|||||&#8221; custom_padding_phone=&#8221;24px||||false|false&#8221; background_last_edited=&#8221;on|tablet&#8221; background_enable_image_tablet=&#8221;off&#8221; background_enable_image_phone=&#8221;off&#8221; border_color_right=&#8221;#FFFFFF&#8221; border_color_left=&#8221;#FFFFFF&#8221; global_colors_info=&#8221;{}&#8221;][et_pb_row column_structure=&#8221;1_2,1_2&#8243; use_custom_gutter=&#8221;on&#8221; gutter_width=&#8221;4&#8243; make_equal=&#8221;on&#8221; _builder_version=&#8221;4.20.1&#8243; _module_preset=&#8221;default&#8221; animation_direction=&#8221;left&#8221; custom_css_main_element=&#8221; display: flex;||    align-items: center;&#8221; global_colors_info=&#8221;{}&#8221; custom_css_main_element_last_edited=&#8221;on|tablet&#8221; custom_css_main_element_phone=&#8221; &#8221; custom_css_main_element_tablet=&#8221; &#8222;][et_pb_column type=&#8221;1_2&#8243; _builder_version=&#8221;4.20.1&#8243; _module_preset=&#8221;default&#8221; global_colors_info=&#8221;{}&#8221;][et_pb_image src=&#8221;https:\/\/stasch-gmbh.de\/wp-content\/uploads\/2023\/03\/Group-2310.png&#8221; title_text=&#8221;Group 2310&#8243; _builder_version=&#8221;4.20.1&#8243; _module_preset=&#8221;default&#8221; animation_style=&#8221;flip&#8221; animation_direction=&#8221;left&#8221; global_colors_info=&#8221;{}&#8221;][\/et_pb_image][\/et_pb_column][et_pb_column type=&#8221;1_2&#8243; _builder_version=&#8221;4.20.1&#8243; _module_preset=&#8221;default&#8221; global_colors_info=&#8221;{}&#8221;][et_pb_text _builder_version=&#8221;4.20.1&#8243; _module_preset=&#8221;default&#8221; text_font=&#8221;Poppins|700|||||||&#8221; text_text_color=&#8221;#191919&#8243; text_font_size=&#8221;40px&#8221; custom_margin=&#8221;||24px||false|false&#8221; hover_enabled=&#8221;0&#8243; text_font_size_tablet=&#8221;6vw&#8221; text_font_size_phone=&#8221;8vw&#8221; text_font_size_last_edited=&#8221;on|phone&#8221; global_colors_info=&#8221;{}&#8221; sticky_enabled=&#8221;0&#8243; text_line_height_last_edited=&#8221;on|phone&#8221; text_line_height_phone=&#8221;10vw&#8221;]<\/p>\n<p>Stasch Group<\/p>\n<p>[\/et_pb_text][et_pb_image src=&#8221;https:\/\/stasch-gmbh.de\/wp-content\/uploads\/2023\/03\/Intersection-1.png&#8221; title_text=&#8221;Intersection 1&#8243; _builder_version=&#8221;4.20.1&#8243; _module_preset=&#8221;default&#8221; custom_margin=&#8221;||40px||false|false&#8221; global_colors_info=&#8221;{}&#8221;][\/et_pb_image][et_pb_text _builder_version=&#8221;4.20.1&#8243; _module_preset=&#8221;default&#8221; text_font=&#8221;Roboto Flex|300|||||||&#8221; text_text_color=&#8221;#747d87&#8243; text_font_size=&#8221;16px&#8221; text_line_height=&#8221;1.8em&#8221; global_colors_info=&#8221;{}&#8221;]<\/p>\n<p>Sie haben den Fachkr\u00e4ftemangel bereits am eigenen Leib gesp\u00fcrt? Sie wollen ein Bauprojekt dringend umsetzen und der Handwerker findet einfach keinen Termin in absehbarer Zeit? Genau deswegen hat Christian Stasch die Stasch Group gegr\u00fcndet. Seit nun mehr als 14 Jahren bringen wir auf dem europ\u00e4ischen Markt Projekte im Au\u00dfen- und Innenausbau schl\u00fcsselfertig unter Dach und Fach.<\/p>\n<p>Sind sie besorgt ihr Traumprojekt an mehrere Einzelk\u00e4mpfer weiterzuleiten? Die Stasch Group stellt ein Team von Fachkr\u00e4ften dar, welches allen Herausforderungen gerecht wird. Von einer unverbindlichen Erstberatung durch entsprechende Genehmigungen, Materialempfehlungen und Materialkauf, bis hin zur Absicherung des Gel\u00e4ndes und Umsetzung des Projekts. Suchen Sie ein Bauunternehmen, welches einen termintreuen Komplettservice bietet? Auf die Stasch Group k\u00f6nnen Sie jederzeit bauen.<\/p>\n<p>[\/et_pb_text][\/et_pb_column][\/et_pb_row][\/et_pb_section][et_pb_section fb_built=&#8221;1&#8243; custom_padding_last_edited=&#8221;on|phone&#8221; _builder_version=&#8221;4.20.1&#8243; _module_preset=&#8221;default&#8221; custom_margin=&#8221;||0px||false|false&#8221; custom_padding=&#8221;96px||61px||false|false&#8221; custom_padding_tablet=&#8221;96px||61px||false|false&#8221; custom_padding_phone=&#8221;24px||24px||false|false&#8221; global_colors_info=&#8221;{}&#8221;][et_pb_row _builder_version=&#8221;4.20.1&#8243; _module_preset=&#8221;default&#8221; module_alignment=&#8221;center&#8221; animation_style=&#8221;flip&#8221; animation_direction=&#8221;left&#8221; global_colors_info=&#8221;{}&#8221;][et_pb_column type=&#8221;4_4&#8243; _builder_version=&#8221;4.20.1&#8243; _module_preset=&#8221;default&#8221; global_colors_info=&#8221;{}&#8221;][et_pb_text _builder_version=&#8221;4.20.1&#8243; _module_preset=&#8221;default&#8221; text_font=&#8221;Poppins|700|||||||&#8221; text_text_color=&#8221;#191919&#8243; text_font_size=&#8221;40px&#8221; text_orientation=&#8221;center&#8221; custom_margin=&#8221;||24px||false|false&#8221; text_font_size_tablet=&#8221;6vw&#8221; text_font_size_phone=&#8221;8vw&#8221; text_font_size_last_edited=&#8221;on|tablet&#8221; text_line_height_tablet=&#8221;6vw&#8221; text_line_height_phone=&#8221;10vw&#8221; text_line_height_last_edited=&#8221;on|phone&#8221; text_orientation_tablet=&#8221;center&#8221; text_orientation_phone=&#8221;left&#8221; text_orientation_last_edited=&#8221;on|phone&#8221; global_colors_info=&#8221;{}&#8221;]<\/p>\n<p>Sie bringen die Idee mit, wir bringen das Fachwissen<\/p>\n<p>[\/et_pb_text][et_pb_image src=&#8221;https:\/\/stasch-gmbh.de\/wp-content\/uploads\/2023\/03\/Intersection-1.png&#8221; title_text=&#8221;Intersection 1&#8243; align=&#8221;center&#8221; align_tablet=&#8221;center&#8221; align_phone=&#8221;left&#8221; align_last_edited=&#8221;on|phone&#8221; _builder_version=&#8221;4.20.1&#8243; _module_preset=&#8221;default&#8221; custom_margin=&#8221;||40px||false|false&#8221; global_colors_info=&#8221;{}&#8221;][\/et_pb_image][et_pb_text content_tablet=&#8221;<\/p>\n<p style=%22text-align: center;%22>Was verbindet Bautr\u00e4ger und Privatpersonen? Die Ideen, aber auch die Suche nach einem Generalunternehmer, welcher durch das Fachwissen seiner Fachkr\u00e4fte Ruhe ins Projekt bringt. Wir wissen, wo der Hammer h\u00e4ngt, denn unsere 14 Mitarbeiter haben das Handwerk von der Pike auf gelernt. Durch die Ausf\u00fchrung von verschiedenen Bauvorhaben, den st\u00e4ndigen Kontakt mit den Kunden, Bauherren, Bautr\u00e4gern sowie Materialzulieferern und Herstellern kennen wir nicht nur das A und O der Baubranche. Wir verf\u00fcgen auch \u00fcber das n\u00f6tige Know-How um Ihre Vision mit den effizientesten L\u00f6sungen aus der Bautechnik best- und schnellstm\u00f6glich umzusetzen. Schlie\u00dflich n\u00fctzt Ihnen ein hochwertiges Baumaterial ohne qualifizierte Bauarbeiter nichts.<\/p>\n<p>&#8221; content_phone=&#8221;<\/p>\n<p style=%22text-align: left;%22>Was verbindet Bautr\u00e4ger und Privatpersonen? Die Ideen, aber auch die Suche nach einem Generalunternehmer, welcher durch das Fachwissen seiner Fachkr\u00e4fte Ruhe ins Projekt bringt. Wir wissen, wo der Hammer h\u00e4ngt, denn unsere 14 Mitarbeiter haben das Handwerk von der Pike auf gelernt. Durch die Ausf\u00fchrung von verschiedenen Bauvorhaben, den st\u00e4ndigen Kontakt mit den Kunden, Bauherren, Bautr\u00e4gern sowie Materialzulieferern und Herstellern kennen wir nicht nur das A und O der Baubranche. Wir verf\u00fcgen auch \u00fcber das n\u00f6tige Know-How um Ihre Vision mit den effizientesten L\u00f6sungen aus der Bautechnik best- und schnellstm\u00f6glich umzusetzen. Schlie\u00dflich n\u00fctzt Ihnen ein hochwertiges Baumaterial ohne qualifizierte Bauarbeiter nichts.<\/p>\n<p>&#8221; content_last_edited=&#8221;on|phone&#8221; _builder_version=&#8221;4.20.1&#8243; _module_preset=&#8221;default&#8221; text_font=&#8221;Roboto Flex|300|||||||&#8221; text_text_color=&#8221;#747d87&#8243; text_font_size=&#8221;16px&#8221; text_line_height=&#8221;1.8em&#8221; text_orientation_tablet=&#8221;&#8221; text_orientation_phone=&#8221;left&#8221; text_orientation_last_edited=&#8221;on|phone&#8221; global_colors_info=&#8221;{}&#8221;]<\/p>\n<p style=\"text-align: center;\">Was verbindet Bautr\u00e4ger und Privatpersonen? Die Ideen, aber auch die Suche nach einem Generalunternehmer, welcher durch das Fachwissen seiner Fachkr\u00e4fte Ruhe ins Projekt bringt. Wir wissen, wo der Hammer h\u00e4ngt, denn unsere 14 Mitarbeiter haben das Handwerk von der Pike auf gelernt. Durch die Ausf\u00fchrung von verschiedenen Bauvorhaben, den st\u00e4ndigen Kontakt mit den Kunden, Bauherren, Bautr\u00e4gern sowie Materialzulieferern und Herstellern kennen wir nicht nur das A und O der Baubranche. Wir verf\u00fcgen auch \u00fcber das n\u00f6tige Know-How um Ihre Vision mit den effizientesten L\u00f6sungen aus der Bautechnik best- und schnellstm\u00f6glich umzusetzen. Schlie\u00dflich n\u00fctzt Ihnen ein hochwertiges Baumaterial ohne qualifizierte Bauarbeiter nichts.<\/p>\n<p>[\/et_pb_text][\/et_pb_column][\/et_pb_row][\/et_pb_section][et_pb_section fb_built=&#8221;1&#8243; custom_padding_last_edited=&#8221;on|phone&#8221; _builder_version=&#8221;4.20.1&#8243; _module_preset=&#8221;default&#8221; background_image=&#8221;https:\/\/stasch-gmbh.de\/wp-content\/uploads\/2023\/07\/Mask-Group-94.png&#8221; background_size=&#8221;initial&#8221; background_position=&#8221;center_right&#8221; custom_margin=&#8221;||0px||false|false&#8221; custom_padding=&#8221;96px||62px||false|false&#8221; custom_padding_tablet=&#8221;0px||62px||false|false&#8221; custom_padding_phone=&#8221;24px||24px||false|true&#8221; background_last_edited=&#8221;on|tablet&#8221; background_enable_image_tablet=&#8221;off&#8221; background_enable_image_phone=&#8221;off&#8221; global_colors_info=&#8221;{}&#8221;][et_pb_row _builder_version=&#8221;4.20.1&#8243; _module_preset=&#8221;default&#8221; background_color=&#8221;#010d14&#8243; background_image=&#8221;https:\/\/stasch-gmbh.de\/wp-content\/uploads\/2023\/07\/top1.png&#8221; width_tablet=&#8221;&#8221; width_phone=&#8221;100%&#8221; width_last_edited=&#8221;on|phone&#8221; module_alignment=&#8221;center&#8221; min_height=&#8221;343px&#8221; animation_style=&#8221;flip&#8221; animation_direction=&#8221;left&#8221; custom_css_main_element=&#8221; display: flex;||    align-items: center;&#8221; global_colors_info=&#8221;{}&#8221;][et_pb_column type=&#8221;4_4&#8243; _builder_version=&#8221;4.20.1&#8243; _module_preset=&#8221;default&#8221; global_colors_info=&#8221;{}&#8221;][et_pb_text _builder_version=&#8221;4.20.1&#8243; _module_preset=&#8221;default&#8221; text_font=&#8221;Poppins|300|||||||&#8221; text_text_color=&#8221;#ffffff&#8221; text_font_size=&#8221;24px&#8221; text_orientation=&#8221;center&#8221; custom_margin=&#8221;||24px||false|false&#8221; global_colors_info=&#8221;{}&#8221;]<\/p>\n<p>Stasch Group<\/p>\n<p>[\/et_pb_text][et_pb_text _builder_version=&#8221;4.20.1&#8243; _module_preset=&#8221;default&#8221; text_font=&#8221;Poppins|700|||||||&#8221; text_text_color=&#8221;#ffffff&#8221; text_font_size=&#8221;40px&#8221; text_orientation=&#8221;center&#8221; custom_margin=&#8221;||24px||false|false&#8221; text_font_size_tablet=&#8221;6vw&#8221; text_font_size_phone=&#8221;8vw&#8221; text_font_size_last_edited=&#8221;on|phone&#8221; text_line_height_tablet=&#8221;6vw&#8221; text_line_height_phone=&#8221;8vw&#8221; text_line_height_last_edited=&#8221;on|desktop&#8221; global_colors_info=&#8221;{}&#8221;]<\/p>\n<p>Schnell. Smart. Schl\u00fcsselfertig.<\/p>\n<p>[\/et_pb_text][et_pb_button button_text=&#8221;+49 1525 8511372&#8243; button_alignment=&#8221;center&#8221; _builder_version=&#8221;4.20.1&#8243; _module_preset=&#8221;default&#8221; custom_button=&#8221;on&#8221; button_text_color=&#8221;#ffffff&#8221; button_bg_color=&#8221;#1eace4&#8243; button_border_width=&#8221;0px&#8221; button_border_radius=&#8221;0px&#8221; button_font=&#8221;Roboto||||||||&#8221; button_icon=&#8221;&#xe090;||divi||400&#8243; button_icon_placement=&#8221;left&#8221; button_on_hover=&#8221;off&#8221; custom_margin=&#8221;||||false|false&#8221; custom_padding=&#8221;10px||10px||false|false&#8221; global_colors_info=&#8221;{}&#8221;][\/et_pb_button][\/et_pb_column][\/et_pb_row][et_pb_row column_structure=&#8221;1_2,1_2&#8243; use_custom_gutter=&#8221;on&#8221; gutter_width=&#8221;4&#8243; make_equal=&#8221;on&#8221; custom_padding_last_edited=&#8221;on|phone&#8221; _builder_version=&#8221;4.20.1&#8243; _module_preset=&#8221;default&#8221; custom_padding=&#8221;196px||196px||false|false&#8221; custom_padding_tablet=&#8221;64px||||false|false&#8221; custom_padding_phone=&#8221;64px||64px||false|false&#8221; animation_direction=&#8221;left&#8221; hover_enabled=&#8221;0&#8243; custom_css_main_element=&#8221; display: flex;||    align-items: center;&#8221; global_colors_info=&#8221;{}&#8221; custom_css_main_element_last_edited=&#8221;on|tablet&#8221; custom_css_main_element_phone=&#8221; &#8221; custom_css_main_element_tablet=&#8221; &#8221; sticky_enabled=&#8221;0&#8243;][et_pb_column type=&#8221;1_2&#8243; _builder_version=&#8221;4.20.1&#8243; _module_preset=&#8221;default&#8221; global_colors_info=&#8221;{}&#8221;][et_pb_text _builder_version=&#8221;4.20.1&#8243; _module_preset=&#8221;default&#8221; text_font=&#8221;Poppins|700|||||||&#8221; text_text_color=&#8221;#191919&#8243; text_font_size=&#8221;40px&#8221; text_line_height=&#8221;1.2em&#8221; custom_margin=&#8221;||24px||false|false&#8221; text_font_size_tablet=&#8221;6vw&#8221; text_font_size_phone=&#8221;8vw&#8221; text_font_size_last_edited=&#8221;on|tablet&#8221; text_line_height_tablet=&#8221;6vw&#8221; text_line_height_phone=&#8221;10vw&#8221; text_line_height_last_edited=&#8221;on|tablet&#8221; global_colors_info=&#8221;{}&#8221;]<\/p>\n<p>Wer sich nicht entwickelt, der kommt nicht voran<\/p>\n<p>[\/et_pb_text][et_pb_image src=&#8221;https:\/\/stasch-gmbh.de\/wp-content\/uploads\/2023\/03\/Intersection-1.png&#8221; title_text=&#8221;Intersection 1&#8243; _builder_version=&#8221;4.20.1&#8243; _module_preset=&#8221;default&#8221; custom_margin=&#8221;||40px||false|false&#8221; global_colors_info=&#8221;{}&#8221;][\/et_pb_image][et_pb_text _builder_version=&#8221;4.20.1&#8243; _module_preset=&#8221;default&#8221; text_font=&#8221;Roboto Flex|300|||||||&#8221; text_text_color=&#8221;#747d87&#8243; text_font_size=&#8221;16px&#8221; text_line_height=&#8221;1.8em&#8221; global_colors_info=&#8221;{}&#8221;]<\/p>\n<p>Unser Credo lautet \u00abWer sich nicht entwickelt, der kommt nicht voran\u00bb. Deswegen legen wir viel Wert auf Schulungen f\u00fcr unsere Mitarbeiter. Nur so k\u00f6nnen wir eine fachm\u00e4nnische Betreuung, termintreue und zeitnahe Realisierung sowie die h\u00f6chste Qualit\u00e4t in der Ausf\u00fchrung gew\u00e4hrleisten.<\/p>\n<p>[\/et_pb_text][et_pb_text _builder_version=&#8221;4.20.1&#8243; _module_preset=&#8221;default&#8221; text_font=&#8221;Poppins|500|||||||&#8221; text_text_color=&#8221;#1eace4&#8243; text_font_size=&#8221;20px&#8221; text_line_height=&#8221;30px&#8221; global_colors_info=&#8221;{}&#8221;]<\/p>\n<p>Z\u00f6gern Sie nicht und sichern Sie sich bereits jetzt eine kostenfreie Erstberatung zusammen mit einem individuellen und unverbindlichen Kostenvoranschlag.<\/p>\n<p>[\/et_pb_text][\/et_pb_column][et_pb_column type=&#8221;1_2&#8243; _builder_version=&#8221;4.20.1&#8243; _module_preset=&#8221;default&#8221; global_colors_info=&#8221;{}&#8221;][et_pb_image src=&#8221;https:\/\/stasch-gmbh.de\/wp-content\/uploads\/2023\/08\/Group-2317.png&#8221; title_text=&#8221;Group 2317&#8243; _builder_version=&#8221;4.20.1&#8243; _module_preset=&#8221;default&#8221; animation_style=&#8221;flip&#8221; animation_direction=&#8221;left&#8221; hover_enabled=&#8221;0&#8243; global_colors_info=&#8221;{}&#8221; sticky_enabled=&#8221;0&#8243;][\/et_pb_image][\/et_pb_column][\/et_pb_row][\/et_pb_section]<\/p>\n","protected":false},"excerpt":{"rendered":"<p>UnternehmenStasch GroupSie haben den Fachkr\u00e4ftemangel bereits am eigenen Leib gesp\u00fcrt? Sie wollen ein Bauprojekt dringend umsetzen und der Handwerker findet einfach keinen Termin in absehbarer Zeit? Genau deswegen hat Christian Stasch die Stasch Group gegr\u00fcndet. Seit nun mehr als 14 Jahren bringen wir auf dem europ\u00e4ischen Markt Projekte im Au\u00dfen- und Innenausbau schl\u00fcsselfertig unter Dach [&hellip;]<\/p>\n","protected":false},"author":1,"featured_media":0,"parent":0,"menu_order":0,"comment_status":"closed","ping_status":"closed","template":"","meta":{"_et_pb_use_builder":"on","_et_pb_old_content":"","_et_gb_content_width":"","footnotes":""},"class_list":["post-247","page","type-page","status-publish","hentry"],"_links":{"self":[{"href":"https:\/\/stasch-gmbh.de\/index.php\/wp-json\/wp\/v2\/pages\/247","targetHints":{"allow":["GET"]}}],"collection":[{"href":"https:\/\/stasch-gmbh.de\/index.php\/wp-json\/wp\/v2\/pages"}],"about":[{"href":"https:\/\/stasch-gmbh.de\/index.php\/wp-json\/wp\/v2\/types\/page"}],"author":[{"embeddable":true,"href":"https:\/\/stasch-gmbh.de\/index.php\/wp-json\/wp\/v2\/users\/1"}],"replies":[{"embeddable":true,"href":"https:\/\/stasch-gmbh.de\/index.php\/wp-json\/wp\/v2\/comments?post=247"}],"version-history":[{"count":20,"href":"https:\/\/stasch-gmbh.de\/index.php\/wp-json\/wp\/v2\/pages\/247\/revisions"}],"predecessor-version":[{"id":472,"href":"https:\/\/stasch-gmbh.de\/index.php\/wp-json\/wp\/v2\/pages\/247\/revisions\/472"}],"wp:attachment":[{"href":"https:\/\/stasch-gmbh.de\/index.php\/wp-json\/wp\/v2\/media?parent=247"}],"curies":[{"name":"wp","href":"https:\/\/api.w.org\/{rel}","templated":true}]}}